{"id":22026,"date":"2026-04-17T10:48:25","date_gmt":"2026-04-17T16:48:25","guid":{"rendered":"https:\/\/desarrollobiox.net\/avanza\/?page_id=22026"},"modified":"2026-04-17T10:48:47","modified_gmt":"2026-04-17T16:48:47","slug":"solicitar-muestra","status":"publish","type":"page","link":"https:\/\/desarrollobiox.net\/avanza\/solicitar-muestra\/","title":{"rendered":"Solicitar muestra"},"content":{"rendered":"\n<div class=\"wp-block-bioxnet-wrap wrap-columns wp-block alignundefined are-vertically-aligned-undefined pd-t-0 pdm-t-0 pd-b-0 pdm-b-0 pd-r-0 pdm-r-0 pd-l-0 pdm-l-0 is-layout-flow wp-block-bioxnet-wrap-is-layout-flow\">\n<div class=\"wp-block-columns is-layout-flex wp-container-core-columns-is-layout-28f84493 wp-block-columns-is-layout-flex\">\n<div class=\"wp-block-column is-layout-flow wp-block-column-is-layout-flow\">\n<div class=\"wp-block-columns is-layout-flex wp-container-core-columns-is-layout-28f84493 wp-block-columns-is-layout-flex\">\n<div class=\"wp-block-column has-global-padding is-layout-constrained wp-container-core-column-is-layout-8fce1b55 wp-block-column-is-layout-constrained\" style=\"padding-top:var(--wp--preset--spacing--30);padding-right:var(--wp--preset--spacing--30);padding-bottom:var(--wp--preset--spacing--30);padding-left:var(--wp--preset--spacing--30)\">\n<h1 class=\"wp-block-heading has-text-align-center has-large-font-size\" style=\"border-bottom-color:#e15100;border-bottom-width:1px;margin-top:0;margin-right:0;margin-bottom:0;margin-left:0;padding-top:var(--wp--preset--spacing--50);padding-right:0;padding-bottom:var(--wp--preset--spacing--50);padding-left:0;font-style:normal;font-weight:700\">CONTACTO &#8211; ATENCI\u00d3N Y SERVICIO A LA INDUSTRIA<\/h1>\n\n\n\n<div style=\"height:5px\" aria-hidden=\"true\" class=\"wp-block-spacer\"><\/div>\n\n\n\n<div class=\"wp-block-group has-global-padding is-layout-constrained wp-container-core-group-is-layout-8ecf3f69 wp-block-group-is-layout-constrained\">\n<p class=\"has-text-align-center has-small-font-size\">SOLICITAR MUESTRA<\/p>\n\n\n\n<hr class=\"wp-block-separator has-text-color has-black-color has-alpha-channel-opacity has-black-background-color has-background is-style-wide\" style=\"margin-top:0;margin-bottom:0\"\/>\n<\/div>\n\n\n\n<div style=\"height:15px\" aria-hidden=\"true\" class=\"wp-block-spacer\"><\/div>\n\n\n\n<h2 class=\"wp-block-heading has-text-align-center\">Solicita una prueba para tu empresa sin costo<\/h2>\n\n\n\n<p class=\"has-text-align-center\">Eval\u00faa nuestro calzado en condiciones reales de operaci\u00f3n antes de tomar una decisi\u00f3n de compra.<br>Este programa est\u00e1 dirigido a empresas industriales y est\u00e1 sujeto a validaci\u00f3n de perfil, tipo de operaci\u00f3n y volumen potencial.<\/p>\n\n\n\n<div style=\"height:15px\" aria-hidden=\"true\" class=\"wp-block-spacer\"><\/div>\n\n\n\n<div class=\"wp-block-group has-global-padding is-layout-constrained wp-container-core-group-is-layout-4383d167 wp-block-group-is-layout-constrained\">\n<div class=\"forminator-guttenberg\"><div class=\"forminator-ui forminator-custom-form forminator-custom-form-22027 forminator-design--default  forminator_ajax\" data-forminator-render=\"0\" data-form=\"forminator-module-22027\" data-uid=\"69ea57322f8a5\"><br\/><\/div><form\n\t\t\t\tid=\"forminator-module-22027\"\n\t\t\t\tclass=\"forminator-ui forminator-custom-form forminator-custom-form-22027 forminator-design--default  forminator_ajax\"\n\t\t\t\tmethod=\"post\"\n\t\t\t\tdata-forminator-render=\"0\"\n\t\t\t\tdata-form-id=\"22027\"\n\t\t\t\t data-color-option=\"theme\" data-design=\"default\" data-grid=\"open\" style=\"display: none;\"\n\t\t\t\tdata-uid=\"69ea57322f8a5\"\n\t\t\t><div role=\"alert\" aria-live=\"polite\" class=\"forminator-response-message forminator-error\" aria-hidden=\"true\"><\/div><div class=\"forminator-row\"><div id=\"text-1\" class=\"forminator-field-text forminator-col forminator-col-12 \"><div class=\"forminator-field\"><label for=\"forminator-field-text-1_69ea57322f8a5\" id=\"forminator-field-text-1_69ea57322f8a5-label\" class=\"forminator-label\">Nombre de la empresa <span class=\"forminator-required\">*<\/span><\/label><input type=\"text\" name=\"text-1\" value=\"\" placeholder=\"\" id=\"forminator-field-text-1_69ea57322f8a5\" class=\"forminator-input forminator-name--field\" data-required=\"1\" \/><\/div><\/div><\/div><div class=\"forminator-row\"><div id=\"name-1\" class=\"forminator-field-name forminator-col forminator-col-12 \"><div class=\"forminator-field\"><label for=\"forminator-field-name-1_69ea57322f8a5\" id=\"forminator-field-name-1_69ea57322f8a5-label\" class=\"forminator-label\">Nombre Completo <span class=\"forminator-required\">*<\/span><\/label><input type=\"text\" name=\"name-1\" value=\"\" placeholder=\"\" id=\"forminator-field-name-1_69ea57322f8a5\" class=\"forminator-input forminator-name--field\" aria-required=\"true\" autocomplete=\"name\" \/><\/div><\/div><\/div><div class=\"forminator-row\"><div id=\"address-1\" class=\"forminator-field-address forminator-col forminator-col-6 \"><div class=\"forminator-row\" data-multiple=\"true\"><div id=\"address-1-city\" class=\"forminator-col forminator-col-6\"><div class=\"forminator-field\"><label for=\"forminator-field-address-1-city_69ea57322f8a5\" id=\"forminator-field-address-1-city_69ea57322f8a5-label\" class=\"forminator-label\">Ciudad <span class=\"forminator-required\">*<\/span><\/label><input type=\"text\" name=\"address-1-city\" placeholder=\"\" id=\"forminator-field-address-1-city_69ea57322f8a5\" class=\"forminator-input\" data-required=\"1\" aria-required=\"true\" autocomplete=\"address-level2\" value=\"\" \/><\/div><\/div><div id=\"address-1-state\" class=\"forminator-col forminator-col-6\"><div class=\"forminator-field\"><label for=\"forminator-field-address-1-state_69ea57322f8a5\" id=\"forminator-field-address-1-state_69ea57322f8a5-label\" class=\"forminator-label\">Estado\/Provincia<\/label><input type=\"text\" name=\"address-1-state\" placeholder=\"\" id=\"forminator-field-address-1-state_69ea57322f8a5\" class=\"forminator-input\" data-required=\"\" aria-required=\"false\" autocomplete=\"address-level1\" value=\"\" \/><\/div><\/div><\/div><\/div><div id=\"email-1\" class=\"forminator-field-email forminator-col forminator-col-6 \"><div class=\"forminator-field\"><label for=\"forminator-field-email-1_69ea57322f8a5\" id=\"forminator-field-email-1_69ea57322f8a5-label\" class=\"forminator-label\">Correo empresarial <span class=\"forminator-required\">*<\/span><\/label><input type=\"email\" name=\"email-1\" value=\"\" placeholder=\"\" id=\"forminator-field-email-1_69ea57322f8a5\" class=\"forminator-input forminator-email--field\" data-required=\"true\" aria-required=\"true\" autocomplete=\"email\" \/><\/div><\/div><\/div><div class=\"forminator-row\"><div id=\"phone-1\" class=\"forminator-field-phone forminator-col forminator-col-6 \"><div class=\"forminator-field\"><label for=\"forminator-field-phone-1_69ea57322f8a5\" id=\"forminator-field-phone-1_69ea57322f8a5-label\" class=\"forminator-label\">Tel\u00e9fono <span class=\"forminator-required\">*<\/span><\/label><input type=\"text\" name=\"phone-1\" value=\"\" placeholder=\"\" id=\"forminator-field-phone-1_69ea57322f8a5\" class=\"forminator-input forminator-field--phone\" data-required=\"1\" aria-required=\"true\" autocomplete=\"off\" \/><\/div><\/div><div id=\"phone-2\" class=\"forminator-field-phone forminator-col forminator-col-6 \"><div class=\"forminator-field\"><label for=\"forminator-field-phone-2_69ea57322f8a5\" id=\"forminator-field-phone-2_69ea57322f8a5-label\" class=\"forminator-label\">Whatsapp<\/label><input type=\"text\" name=\"phone-2\" value=\"\" placeholder=\"\" id=\"forminator-field-phone-2_69ea57322f8a5\" class=\"forminator-input forminator-field--phone\" data-required=\"\" aria-required=\"false\" autocomplete=\"off\" \/><\/div><\/div><\/div><div class=\"forminator-row\"><div id=\"textarea-1\" class=\"forminator-field-textarea forminator-col forminator-col-12 \"><div class=\"forminator-field\"><label for=\"forminator-field-textarea-1_69ea57322f8a5\" id=\"forminator-field-textarea-1_69ea57322f8a5-label\" class=\"forminator-label\">Describe brevemente tu necesidad o requerimiento <span class=\"forminator-required\">*<\/span><\/label><span id=\"forminator-field-textarea-1_69ea57322f8a5-description\" class=\"forminator-description\"><span data-limit=\"180\" data-type=\"characters\" data-editor=\"\">0 \/ 180<\/span><\/span><textarea name=\"textarea-1\" placeholder=\"Tipo de operaci\u00f3n. riesgos, problema actual o lo que buscan mejorar...\" id=\"forminator-field-textarea-1_69ea57322f8a5\" class=\"forminator-textarea\" rows=\"6\" style=\"--forminator-textarea-min-height:140px;\" maxlength=\"180\" ><\/textarea><\/div><\/div><\/div><div class=\"forminator-row\"><div id=\"consent-1\" class=\"forminator-field-consent forminator-col forminator-col-12 \"><div class=\"forminator-field\"><label for=\"forminator-field-consent-1_69ea57322f8a5\" id=\"forminator-field-consent-1_69ea57322f8a5-label\" class=\"forminator-label\">Confirmar solicitud <span class=\"forminator-required\">*<\/span><\/label><div class=\"forminator-checkbox__wrapper\"><label id=\"forminator-field-consent-1_69ea57322f8a5__label\" class=\"forminator-checkbox forminator-consent\"><input type=\"checkbox\" name=\"consent-1\" id=\"forminator-field-consent-1_69ea57322f8a5\" value=\"checked\" aria-labelledby=\"forminator-field-consent-1_69ea57322f8a5-label\" aria-describedby=\"forminator-field-consent-1_69ea57322f8a5__description\" data-required=\"true\" aria-required=\"true\" \/><span class=\"forminator-checkbox-box\" aria-hidden=\"true\"><\/span><\/label><div id=\"forminator-field-consent-1_69ea57322f8a5__description\" class=\"forminator-checkbox__label forminator-consent__label\"><p class=\"p1\"><b>Confirmo que esta solicitud corresponde a una empresa y no a una compra personal<\/b><\/p>\n<p class=\"p1\">Atendemos principalmente empresas con requerimientos industriales. Nuestro equipo dar\u00e1 seguimiento a solicitudes con informaci\u00f3n completa y perfil empresarial.<\/p><\/div><\/div><\/div><\/div><\/div><input type=\"hidden\" name=\"referer_url\" value=\"\" \/><div class=\"forminator-row forminator-row-last\"><div class=\"forminator-col\"><div class=\"forminator-field\"><button class=\"forminator-button forminator-button-submit\">Enviar solicitud<\/button><\/div><\/div><\/div><input type=\"hidden\" id=\"forminator_nonce\" name=\"forminator_nonce\" value=\"a9d4ff61c4\" \/><input type=\"hidden\" name=\"_wp_http_referer\" value=\"\/avanza\/wp-json\/wp\/v2\/pages\/22026\" \/><input type=\"hidden\" name=\"form_id\" value=\"22027\"><input type=\"hidden\" name=\"page_id\" value=\"22026\"><input type=\"hidden\" name=\"form_type\" value=\"default\"><input type=\"hidden\" name=\"current_url\" value=\"https:\/\/desarrollobiox.net\/avanza\/solicitar-muestra\/\"><input type=\"hidden\" name=\"render_id\" value=\"0\"><input type=\"hidden\" name=\"action\" value=\"forminator_submit_form_custom-forms\"><\/form><\/div>\n<\/div>\n\n\n\n<div style=\"height:50px\" aria-hidden=\"true\" class=\"wp-block-spacer\"><\/div>\n\n\n\n<h1 class=\"wp-block-heading has-text-align-center has-large-font-size\" style=\"border-bottom-color:#e15100;border-bottom-width:1px;margin-top:0;margin-right:0;margin-bottom:0;margin-left:0;padding-top:var(--wp--preset--spacing--30);padding-right:0;padding-bottom:var(--wp--preset--spacing--30);padding-left:0;font-style:normal;font-weight:500\">PRESENCIA AVANZA<\/h1>\n\n\n\n<div class=\"wp-block-columns is-layout-flex wp-container-core-columns-is-layout-28f84493 wp-block-columns-is-layout-flex\">\n<div class=\"wp-block-column is-layout-flow wp-block-column-is-layout-flow\" style=\"flex-basis:80%\"><div class=\"map_wrapper\" id=\"map_wrapper_22013\">\n<div class=\"map_box\" style=\"max-width:2000px\">\n<div class=\"map_aspect_ratio\" style=\"padding-top:56%\" data-padding-top=\"56%\" data-padding-top-mobile=\"0%\">\n<div class=\"map_container\">\n<div class=\"map_render map_loading\" id=\"map_22013\"><\/div>\n<\/div>\n<\/div>\n<\/div>\n<\/div>\n<\/div>\n\n\n\n<div class=\"wp-block-column is-vertically-aligned-top is-layout-flow wp-container-core-column-is-layout-22223934 wp-block-column-is-layout-flow\" style=\"flex-basis:20%\">\n<div style=\"height:15px\" aria-hidden=\"true\" class=\"wp-block-spacer\"><\/div>\n\n\n\n<h2 class=\"wp-block-heading has-text-color has-link-color wp-elements-3f81cf3f309bf874c7e1e7cacbb81b39\" style=\"color:#ff7f00\">Estados con presencia<\/h2>\n\n\n\n<p class=\"has-black-color has-text-color has-link-color wp-elements-bb59e9c66a6f135c5b13fd4ea08c97f6\" style=\"font-size:14px\">Nuevo Le\u00f3n<\/p>\n\n\n\n<p class=\"has-black-color has-text-color has-link-color wp-elements-c96db827eb237cf45d686ad2cd9d1bf7\" style=\"font-size:14px\">Tamaulipas<\/p>\n\n\n\n<p class=\"has-black-color has-text-color has-link-color wp-elements-257f73ca83fc7986dd93d15bc9afdab3\" style=\"font-size:14px\">Coahuila<\/p>\n\n\n\n<div style=\"height:15px\" aria-hidden=\"true\" class=\"wp-block-spacer\"><\/div>\n<\/div>\n<\/div>\n\n\n\n<div class=\"wp-block-columns is-layout-flex wp-container-core-columns-is-layout-28f84493 wp-block-columns-is-layout-flex\">\n<div class=\"wp-block-column is-vertically-aligned-center is-layout-flow wp-container-core-column-is-layout-8a368f38 wp-block-column-is-layout-flow\" style=\"flex-basis:30%\">\n<div style=\"height:15px\" aria-hidden=\"true\" class=\"wp-block-spacer\"><\/div>\n\n\n\n<h2 class=\"wp-block-heading has-text-color has-link-color wp-elements-d08aac6492a2300c155e92ca48957937\" style=\"color:#e15100\">Monterrey<\/h2>\n\n\n\n<p class=\"has-black-color has-text-color has-link-color wp-elements-fa31d70540e6054fc0732d8f2e36a9c4\" style=\"font-size:14px\">Juan Ignacio Ram\u00f3n 309 PTE.,<\/p>\n\n\n\n<p style=\"font-size:14px\">Centro, Monterrey, Nuevo Le\u00f3n, C.P. 64000<\/p>\n\n\n\n<p style=\"font-size:14px\">Tel. 81 8344-1603<\/p>\n\n\n\n<p style=\"font-size:14px\">WhatsApp 81 8022 5045<\/p>\n\n\n\n<p style=\"font-size:14px\">E-mail ventas@avanzaseguridadtotal.com<\/p>\n\n\n\n<p class=\"has-black-color has-text-color has-link-color wp-elements-47ad5e49c80ef8f1ffeb0bf301eaa3a2\" style=\"font-size:14px\">Horario de atenci\u00f3n: 9:00 hrs. &#8211; 18:00 hrs.<\/p>\n\n\n\n<div style=\"height:15px\" aria-hidden=\"true\" class=\"wp-block-spacer\"><\/div>\n<\/div>\n\n\n\n<div class=\"wp-block-column is-vertically-aligned-center is-layout-flow wp-container-core-column-is-layout-8a368f38 wp-block-column-is-layout-flow\" style=\"flex-basis:30%\">\n<div style=\"height:15px\" aria-hidden=\"true\" class=\"wp-block-spacer\"><\/div>\n\n\n\n<h2 class=\"wp-block-heading has-text-color has-link-color wp-elements-280a677184fa716098c3fc75025ed606\" style=\"color:#e15100\">Saltillo<\/h2>\n\n\n\n<p class=\"has-black-color has-text-color has-link-color wp-elements-f4c183d94923044a0ebb336de0e4087b\" style=\"font-size:14px\">Blvd. Isidro Lopez Zertuche 1896-B,<\/p>\n\n\n\n<p style=\"font-size:14px\">Jardines del Valle, Saltillo, Coahuila, C.P. 25260<\/p>\n\n\n\n<p style=\"font-size:14px\">Tel. 844-688-8514<\/p>\n\n\n\n<p style=\"font-size:14px\">WhatsApp 844 674 2573<\/p>\n\n\n\n<p style=\"font-size:14px\">E-mail saltilo@avanzaseguridadtotal.com<\/p>\n\n\n\n<p class=\"has-black-color has-text-color has-link-color wp-elements-47ad5e49c80ef8f1ffeb0bf301eaa3a2\" style=\"font-size:14px\">Horario de atenci\u00f3n: 9:00 hrs. &#8211; 18:00 hrs.<\/p>\n\n\n\n<div style=\"height:15px\" aria-hidden=\"true\" class=\"wp-block-spacer\"><\/div>\n<\/div>\n\n\n\n<div class=\"wp-block-column is-vertically-aligned-center is-layout-flow wp-container-core-column-is-layout-8a368f38 wp-block-column-is-layout-flow\" style=\"flex-basis:30%\">\n<div style=\"height:15px\" aria-hidden=\"true\" class=\"wp-block-spacer\"><\/div>\n\n\n\n<h2 class=\"wp-block-heading has-text-color has-link-color wp-elements-49ec6435ca330e2eea1d0213fce12ee2\" style=\"color:#e15100\">Reynosa<\/h2>\n\n\n\n<p class=\"has-black-color has-text-color has-link-color wp-elements-3bd6002627e21249aa5cc608b37d46ac\" style=\"font-size:14px\">Cerro Pe\u00f1a Nevada, Col. Las Fuentes&nbsp;<\/p>\n\n\n\n<p style=\"font-size:14px\">Sec. Lomas, Cd. Reynosa Tamaulipas, C.P. 25260<\/p>\n\n\n\n<p style=\"font-size:14px\">Tel. 899 951 2290<\/p>\n\n\n\n<p style=\"font-size:14px\">WhatsApp 899 956 3032<\/p>\n\n\n\n<p style=\"font-size:14px\">E-mail marsan@avanzaseguridadtotal.com<\/p>\n\n\n\n<p class=\"has-black-color has-text-color has-link-color wp-elements-47ad5e49c80ef8f1ffeb0bf301eaa3a2\" style=\"font-size:14px\">Horario de atenci\u00f3n: 9:00 hrs. &#8211; 18:00 hrs.<\/p>\n\n\n\n<div style=\"height:15px\" aria-hidden=\"true\" class=\"wp-block-spacer\"><\/div>\n<\/div>\n<\/div>\n\n\n\n<div style=\"height:25px\" aria-hidden=\"true\" class=\"wp-block-spacer\"><\/div>\n<\/div>\n<\/div>\n<\/div>\n<\/div>\n<\/div>\n","protected":false},"excerpt":{"rendered":"","protected":false},"author":2,"featured_media":0,"parent":0,"menu_order":0,"comment_status":"closed","ping_status":"closed","template":"","meta":{"_acf_changed":false,"scripts_individual_header":"","scripts_individual_body":"","scripts_individual_footer":"","activar_header_absoluto":false,"footnotes":""},"class_list":["post-22026","page","type-page","status-publish","hentry"],"acf":[],"yoast_head":"<!-- This site is optimized with the Yoast SEO plugin v27.4 - https:\/\/yoast.com\/product\/yoast-seo-wordpress\/ -->\n<title>Solicitar muestra - Avanza Seguridad Total - Zapatos de Seguridad<\/title>\n<meta name=\"robots\" content=\"index, follow, max-snippet:-1, max-image-preview:large, max-video-preview:-1\" \/>\n<link rel=\"canonical\" href=\"https:\/\/desarrollobiox.net\/avanza\/solicitar-muestra\/\" \/>\n<meta property=\"og:locale\" content=\"es_ES\" \/>\n<meta property=\"og:type\" content=\"article\" \/>\n<meta property=\"og:title\" content=\"Solicitar muestra - Avanza Seguridad Total - Zapatos de Seguridad\" \/>\n<meta property=\"og:url\" content=\"https:\/\/desarrollobiox.net\/avanza\/solicitar-muestra\/\" \/>\n<meta property=\"og:site_name\" content=\"Avanza Seguridad Total - Zapatos de Seguridad\" \/>\n<meta property=\"article:modified_time\" content=\"2026-04-17T16:48:47+00:00\" \/>\n<meta name=\"twitter:card\" content=\"summary_large_image\" \/>\n<meta name=\"twitter:label1\" content=\"Tiempo de lectura\" \/>\n\t<meta name=\"twitter:data1\" content=\"1 minuto\" \/>\n<script type=\"application\/ld+json\" class=\"yoast-schema-graph\">{\"@context\":\"https:\\\/\\\/schema.org\",\"@graph\":[{\"@type\":\"WebPage\",\"@id\":\"https:\\\/\\\/desarrollobiox.net\\\/avanza\\\/solicitar-muestra\\\/\",\"url\":\"https:\\\/\\\/desarrollobiox.net\\\/avanza\\\/solicitar-muestra\\\/\",\"name\":\"Solicitar muestra - Avanza Seguridad Total - Zapatos de Seguridad\",\"isPartOf\":{\"@id\":\"https:\\\/\\\/desarrollobiox.net\\\/avanza\\\/#website\"},\"datePublished\":\"2026-04-17T16:48:25+00:00\",\"dateModified\":\"2026-04-17T16:48:47+00:00\",\"inLanguage\":\"es\",\"potentialAction\":[{\"@type\":\"ReadAction\",\"target\":[\"https:\\\/\\\/desarrollobiox.net\\\/avanza\\\/solicitar-muestra\\\/\"]}]},{\"@type\":\"WebSite\",\"@id\":\"https:\\\/\\\/desarrollobiox.net\\\/avanza\\\/#website\",\"url\":\"https:\\\/\\\/desarrollobiox.net\\\/avanza\\\/\",\"name\":\"Avanza Seguridad Total - Zapatos de Seguridad\",\"description\":\"Calzado de Seguridad\",\"publisher\":{\"@id\":\"https:\\\/\\\/desarrollobiox.net\\\/avanza\\\/#organization\"},\"potentialAction\":[{\"@type\":\"SearchAction\",\"target\":{\"@type\":\"EntryPoint\",\"urlTemplate\":\"https:\\\/\\\/desarrollobiox.net\\\/avanza\\\/?s={search_term_string}\"},\"query-input\":{\"@type\":\"PropertyValueSpecification\",\"valueRequired\":true,\"valueName\":\"search_term_string\"}}],\"inLanguage\":\"es\"},{\"@type\":\"Organization\",\"@id\":\"https:\\\/\\\/desarrollobiox.net\\\/avanza\\\/#organization\",\"name\":\"Avanza Seguridad Total - Zapatos de Seguridad\",\"url\":\"https:\\\/\\\/desarrollobiox.net\\\/avanza\\\/\",\"logo\":{\"@type\":\"ImageObject\",\"inLanguage\":\"es\",\"@id\":\"https:\\\/\\\/desarrollobiox.net\\\/avanza\\\/#\\\/schema\\\/logo\\\/image\\\/\",\"url\":\"https:\\\/\\\/desarrollobiox.net\\\/avanza\\\/wp-content\\\/uploads\\\/2026\\\/04\\\/Logo-Avanza-nuevo.png\",\"contentUrl\":\"https:\\\/\\\/desarrollobiox.net\\\/avanza\\\/wp-content\\\/uploads\\\/2026\\\/04\\\/Logo-Avanza-nuevo.png\",\"width\":234,\"height\":139,\"caption\":\"Avanza Seguridad Total - Zapatos de Seguridad\"},\"image\":{\"@id\":\"https:\\\/\\\/desarrollobiox.net\\\/avanza\\\/#\\\/schema\\\/logo\\\/image\\\/\"}}]}<\/script>\n<!-- \/ Yoast SEO plugin. -->","yoast_head_json":{"title":"Solicitar muestra - Avanza Seguridad Total - Zapatos de Seguridad","robots":{"index":"index","follow":"follow","max-snippet":"max-snippet:-1","max-image-preview":"max-image-preview:large","max-video-preview":"max-video-preview:-1"},"canonical":"https:\/\/desarrollobiox.net\/avanza\/solicitar-muestra\/","og_locale":"es_ES","og_type":"article","og_title":"Solicitar muestra - Avanza Seguridad Total - Zapatos de Seguridad","og_url":"https:\/\/desarrollobiox.net\/avanza\/solicitar-muestra\/","og_site_name":"Avanza Seguridad Total - Zapatos de Seguridad","article_modified_time":"2026-04-17T16:48:47+00:00","twitter_card":"summary_large_image","twitter_misc":{"Tiempo de lectura":"1 minuto"},"schema":{"@context":"https:\/\/schema.org","@graph":[{"@type":"WebPage","@id":"https:\/\/desarrollobiox.net\/avanza\/solicitar-muestra\/","url":"https:\/\/desarrollobiox.net\/avanza\/solicitar-muestra\/","name":"Solicitar muestra - Avanza Seguridad Total - Zapatos de Seguridad","isPartOf":{"@id":"https:\/\/desarrollobiox.net\/avanza\/#website"},"datePublished":"2026-04-17T16:48:25+00:00","dateModified":"2026-04-17T16:48:47+00:00","inLanguage":"es","potentialAction":[{"@type":"ReadAction","target":["https:\/\/desarrollobiox.net\/avanza\/solicitar-muestra\/"]}]},{"@type":"WebSite","@id":"https:\/\/desarrollobiox.net\/avanza\/#website","url":"https:\/\/desarrollobiox.net\/avanza\/","name":"Avanza Seguridad Total - Zapatos de Seguridad","description":"Calzado de Seguridad","publisher":{"@id":"https:\/\/desarrollobiox.net\/avanza\/#organization"},"potentialAction":[{"@type":"SearchAction","target":{"@type":"EntryPoint","urlTemplate":"https:\/\/desarrollobiox.net\/avanza\/?s={search_term_string}"},"query-input":{"@type":"PropertyValueSpecification","valueRequired":true,"valueName":"search_term_string"}}],"inLanguage":"es"},{"@type":"Organization","@id":"https:\/\/desarrollobiox.net\/avanza\/#organization","name":"Avanza Seguridad Total - Zapatos de Seguridad","url":"https:\/\/desarrollobiox.net\/avanza\/","logo":{"@type":"ImageObject","inLanguage":"es","@id":"https:\/\/desarrollobiox.net\/avanza\/#\/schema\/logo\/image\/","url":"https:\/\/desarrollobiox.net\/avanza\/wp-content\/uploads\/2026\/04\/Logo-Avanza-nuevo.png","contentUrl":"https:\/\/desarrollobiox.net\/avanza\/wp-content\/uploads\/2026\/04\/Logo-Avanza-nuevo.png","width":234,"height":139,"caption":"Avanza Seguridad Total - Zapatos de Seguridad"},"image":{"@id":"https:\/\/desarrollobiox.net\/avanza\/#\/schema\/logo\/image\/"}}]}},"_links":{"self":[{"href":"https:\/\/desarrollobiox.net\/avanza\/wp-json\/wp\/v2\/pages\/22026","targetHints":{"allow":["GET"]}}],"collection":[{"href":"https:\/\/desarrollobiox.net\/avanza\/wp-json\/wp\/v2\/pages"}],"about":[{"href":"https:\/\/desarrollobiox.net\/avanza\/wp-json\/wp\/v2\/types\/page"}],"author":[{"embeddable":true,"href":"https:\/\/desarrollobiox.net\/avanza\/wp-json\/wp\/v2\/users\/2"}],"replies":[{"embeddable":true,"href":"https:\/\/desarrollobiox.net\/avanza\/wp-json\/wp\/v2\/comments?post=22026"}],"version-history":[{"count":2,"href":"https:\/\/desarrollobiox.net\/avanza\/wp-json\/wp\/v2\/pages\/22026\/revisions"}],"predecessor-version":[{"id":22029,"href":"https:\/\/desarrollobiox.net\/avanza\/wp-json\/wp\/v2\/pages\/22026\/revisions\/22029"}],"wp:attachment":[{"href":"https:\/\/desarrollobiox.net\/avanza\/wp-json\/wp\/v2\/media?parent=22026"}],"curies":[{"name":"wp","href":"https:\/\/api.w.org\/{rel}","templated":true}]}}